{"id":355,"date":"2016-09-24T14:40:14","date_gmt":"2016-09-24T14:40:14","guid":{"rendered":"http:\/\/fitness2.mythemecloud.io\/?page_id=355"},"modified":"2021-12-06T19:24:17","modified_gmt":"2021-12-06T19:24:17","slug":"home","status":"publish","type":"page","link":"https:\/\/vaf-bonn.de\/de_de\/","title":{"rendered":"Home"},"content":{"rendered":"\t\t<div data-elementor-type=\"wp-page\" data-elementor-id=\"355\" class=\"elementor elementor-355\">\n\t\t\t\t\t\t<section class=\"elementor-section elementor-top-section elementor-element elementor-element-arduvcg elementor-section-height-min-height elementor-section-boxed elementor-section-height-default elementor-section-items-middle\" data-id=\"arduvcg\" data-element_type=\"section\" data-settings=\"{&quot;background_background&quot;:&quot;classic&quot;}\">\n\t\t\t\t\t\t\t<div class=\"elementor-background-overlay\"><\/div>\n\t\t\t\t\t\t\t<div class=\"elementor-container elementor-column-gap-default\">\n\t\t\t\t\t<div class=\"elementor-column elementor-col-50 elementor-top-column elementor-element elementor-element-trebdfi\" data-id=\"trebdfi\" data-element_type=\"column\">\n\t\t\t<div class=\"elementor-widget-wrap elementor-element-populated\">\n\t\t\t\t\t\t<div class=\"elementor-element elementor-element-c46884e elementor-absolute elementor-widget elementor-widget-image\" data-id=\"c46884e\" data-element_type=\"widget\" data-settings=\"{&quot;_position&quot;:&quot;absolute&quot;}\" data-widget_type=\"image.default\">\n\t\t\t\t<div class=\"elementor-widget-container\">\n\t\t\t\t\t\t\t\t\t\t\t\t\t\t\t<img fetchpriority=\"high\" decoding=\"async\" width=\"960\" height=\"609\" src=\"https:\/\/i0.wp.com\/vaf-bonn.de\/wp-content\/uploads\/2021\/11\/afghanistan-5323203_960_720.webp?fit=960%2C609&amp;ssl=1\" class=\"elementor-animation-shrink attachment-large size-large wp-image-940\" alt=\"\" srcset=\"https:\/\/i0.wp.com\/vaf-bonn.de\/wp-content\/uploads\/2021\/11\/afghanistan-5323203_960_720.webp?w=960&amp;ssl=1 960w, https:\/\/i0.wp.com\/vaf-bonn.de\/wp-content\/uploads\/2021\/11\/afghanistan-5323203_960_720.webp?resize=300%2C190&amp;ssl=1 300w, https:\/\/i0.wp.com\/vaf-bonn.de\/wp-content\/uploads\/2021\/11\/afghanistan-5323203_960_720.webp?resize=768%2C487&amp;ssl=1 768w\" sizes=\"(max-width: 960px) 100vw, 960px\" \/>\t\t\t\t\t\t\t\t\t\t\t\t\t\t\t<\/div>\n\t\t\t\t<\/div>\n\t\t\t\t\t<\/div>\n\t\t<\/div>\n\t\t\t\t<div class=\"elementor-column elementor-col-50 elementor-top-column elementor-element elementor-element-mcwoycn\" data-id=\"mcwoycn\" data-element_type=\"column\">\n\t\t\t<div class=\"elementor-widget-wrap elementor-element-populated\">\n\t\t\t\t\t\t<div class=\"elementor-element elementor-element-jmkaurx elementor-widget elementor-widget-heading\" data-id=\"jmkaurx\" data-element_type=\"widget\" data-widget_type=\"heading.default\">\n\t\t\t\t<div class=\"elementor-widget-container\">\n\t\t\t\t\t<h2 class=\"elementor-heading-title elementor-size-default\">Afghanistan<\/h2>\t\t\t\t<\/div>\n\t\t\t\t<\/div>\n\t\t\t\t<div class=\"elementor-element elementor-element-fezgkzy elementor-invisible elementor-widget elementor-widget-text-editor\" data-id=\"fezgkzy\" data-element_type=\"widget\" data-settings=\"{&quot;_animation&quot;:&quot;fadeInRight&quot;}\" data-widget_type=\"text-editor.default\">\n\t\t\t\t<div class=\"elementor-widget-container\">\n\t\t\t\t\t\t\t\t\t<p>Aufgrund der aktuellen katastrophalen Lage in Afghanistan bitten wir Sie dringend um Spenden.<\/p>\t\t\t\t\t\t\t\t<\/div>\n\t\t\t\t<\/div>\n\t\t\t\t<div class=\"elementor-element elementor-element-rwyawhg elementor-align-right elementor-mobile-align-left elementor-widget elementor-widget-button\" data-id=\"rwyawhg\" data-element_type=\"widget\" data-widget_type=\"button.default\">\n\t\t\t\t<div class=\"elementor-widget-container\">\n\t\t\t\t\t\t\t\t\t<div class=\"elementor-button-wrapper\">\n\t\t\t\t\t<a class=\"elementor-button elementor-button-link elementor-size-sm\" href=\"https:\/\/vaf-bonn.de\/de_de\/spenden\/\">\n\t\t\t\t\t\t<span class=\"elementor-button-content-wrapper\">\n\t\t\t\t\t\t\t\t\t<span class=\"elementor-button-text\">Jetzt Spenden<\/span>\n\t\t\t\t\t<\/span>\n\t\t\t\t\t<\/a>\n\t\t\t\t<\/div>\n\t\t\t\t\t\t\t\t<\/div>\n\t\t\t\t<\/div>\n\t\t\t\t\t<\/div>\n\t\t<\/div>\n\t\t\t\t\t<\/div>\n\t\t<\/section>\n\t\t\t\t<section class=\"elementor-section elementor-top-section elementor-element elementor-element-vnynvjk elementor-section-boxed elementor-section-height-default elementor-section-height-default\" data-id=\"vnynvjk\" data-element_type=\"section\" data-settings=\"{&quot;background_background&quot;:&quot;video&quot;}\">\n\t\t\t\t\t\t\t<div class=\"elementor-background-overlay\"><\/div>\n\t\t\t\t\t\t\t<div class=\"elementor-container elementor-column-gap-default\">\n\t\t\t\t\t<div class=\"elementor-column elementor-col-100 elementor-top-column elementor-element elementor-element-pjfmwov\" data-id=\"pjfmwov\" data-element_type=\"column\">\n\t\t\t<div class=\"elementor-widget-wrap elementor-element-populated\">\n\t\t\t\t\t\t<div class=\"elementor-element elementor-element-wzrxkkb elementor-widget elementor-widget-heading\" data-id=\"wzrxkkb\" data-element_type=\"widget\" data-widget_type=\"heading.default\">\n\t\t\t\t<div class=\"elementor-widget-container\">\n\t\t\t\t\t<h2 class=\"elementor-heading-title elementor-size-default\">MENSCHEN IN AFGHANISTAN SIND IN NOT<\/h2>\t\t\t\t<\/div>\n\t\t\t\t<\/div>\n\t\t\t\t<div class=\"elementor-element elementor-element-vufcitf elementor-widget-divider--view-line elementor-widget elementor-widget-divider\" data-id=\"vufcitf\" data-element_type=\"widget\" data-widget_type=\"divider.default\">\n\t\t\t\t<div class=\"elementor-widget-container\">\n\t\t\t\t\t\t\t<div class=\"elementor-divider\">\n\t\t\t<span class=\"elementor-divider-separator\">\n\t\t\t\t\t\t<\/span>\n\t\t<\/div>\n\t\t\t\t\t\t<\/div>\n\t\t\t\t<\/div>\n\t\t\t\t<div class=\"elementor-element elementor-element-vuymnua elementor-widget elementor-widget-heading\" data-id=\"vuymnua\" data-element_type=\"widget\" data-widget_type=\"heading.default\">\n\t\t\t\t<div class=\"elementor-widget-container\">\n\t\t\t\t\t<h2 class=\"elementor-heading-title elementor-size-default\">Wie Sie tagt\u00e4glich den Medien entnehmen k\u00f6nnen, herrscht in Afghanistan derzeit der Ausnahmezustand.\n\n<\/h2>\t\t\t\t<\/div>\n\t\t\t\t<\/div>\n\t\t\t\t<section class=\"elementor-section elementor-inner-section elementor-element elementor-element-wetlkxn elementor-section-boxed elementor-section-height-default elementor-section-height-default\" data-id=\"wetlkxn\" data-element_type=\"section\">\n\t\t\t\t\t\t<div class=\"elementor-container elementor-column-gap-default\">\n\t\t\t\t\t<div class=\"elementor-column elementor-col-50 elementor-inner-column elementor-element elementor-element-oiqxoym\" data-id=\"oiqxoym\" data-element_type=\"column\">\n\t\t\t<div class=\"elementor-widget-wrap elementor-element-populated\">\n\t\t\t\t\t\t<div class=\"elementor-element elementor-element-cxcmpdt elementor-widget elementor-widget-image\" data-id=\"cxcmpdt\" data-element_type=\"widget\" data-widget_type=\"image.default\">\n\t\t\t\t<div class=\"elementor-widget-container\">\n\t\t\t\t\t\t\t\t\t\t\t\t\t\t\t<img decoding=\"async\" width=\"336\" height=\"370\" src=\"https:\/\/i0.wp.com\/vaf-bonn.de\/wp-content\/uploads\/2021\/11\/MaedchenmitHolz-e1465157402594.jpg?fit=336%2C370&amp;ssl=1\" class=\"elementor-animation-shrink attachment-full size-full wp-image-894\" alt=\"\" srcset=\"https:\/\/i0.wp.com\/vaf-bonn.de\/wp-content\/uploads\/2021\/11\/MaedchenmitHolz-e1465157402594.jpg?w=336&amp;ssl=1 336w, https:\/\/i0.wp.com\/vaf-bonn.de\/wp-content\/uploads\/2021\/11\/MaedchenmitHolz-e1465157402594.jpg?resize=272%2C300&amp;ssl=1 272w\" sizes=\"(max-width: 336px) 100vw, 336px\" \/>\t\t\t\t\t\t\t\t\t\t\t\t\t\t\t<\/div>\n\t\t\t\t<\/div>\n\t\t\t\t\t<\/div>\n\t\t<\/div>\n\t\t\t\t<div class=\"elementor-column elementor-col-50 elementor-inner-column elementor-element elementor-element-vupdgst\" data-id=\"vupdgst\" data-element_type=\"column\">\n\t\t\t<div class=\"elementor-widget-wrap elementor-element-populated\">\n\t\t\t\t\t\t<div class=\"elementor-element elementor-element-abdsmck elementor-widget elementor-widget-text-editor\" data-id=\"abdsmck\" data-element_type=\"widget\" data-widget_type=\"text-editor.default\">\n\t\t\t\t<div class=\"elementor-widget-container\">\n\t\t\t\t\t\t\t\t\t<p>Die Taliban haben verschiedene St\u00e4dte und nun auch Kabul eingenommen. Scharenweise sind die Menschen aus anderen Provinzen vor den Taliban gefl\u00fcchtet und leben nun unter menschenunw\u00fcrdigen und \u00e4u\u00dferst unhygienischen Bedingungen. Sie ben\u00f6tigen dringend Hilfe und Unterst\u00fctzung, damit sie eine \u00dcberlebenschance haben.<\/p><p>Durch unsere Niederlassung in Kabul und Ihre Mitarbeiter (darunter auch 2 \u00c4rzte) konnten wir Dank Spenden\u00a0<strong>als eine der ersten Organisationen vor Ort Soforthilfe leisten<\/strong>. Wir k\u00f6nnen die Menschen medizinisch als auch mit Trinkwasser, Zelten zum Schutz vor der K\u00e4lte sowie Nahrung, vor allem Babynahrung, versorgen<\/p><p>Bitte helfen Sie uns, damit wir weiterhin Direkthilfe leisten k\u00f6nnen!<\/p><p>Ihr Verein f\u00fcr Afghanistan-F\u00f6rderung e.V.<\/p>\t\t\t\t\t\t\t\t<\/div>\n\t\t\t\t<\/div>\n\t\t\t\t<div class=\"elementor-element elementor-element-ybtwdsu elementor-widget elementor-widget-spacer\" data-id=\"ybtwdsu\" data-element_type=\"widget\" data-widget_type=\"spacer.default\">\n\t\t\t\t<div class=\"elementor-widget-container\">\n\t\t\t\t\t\t\t<div class=\"elementor-spacer\">\n\t\t\t<div class=\"elementor-spacer-inner\"><\/div>\n\t\t<\/div>\n\t\t\t\t\t\t<\/div>\n\t\t\t\t<\/div>\n\t\t\t\t\t<\/div>\n\t\t<\/div>\n\t\t\t\t\t<\/div>\n\t\t<\/section>\n\t\t\t\t\t<\/div>\n\t\t<\/div>\n\t\t\t\t\t<\/div>\n\t\t<\/section>\n\t\t\t\t<section class=\"elementor-section elementor-top-section elementor-element elementor-element-rejxuiu elementor-section-boxed elementor-section-height-default elementor-section-height-default\" data-id=\"rejxuiu\" data-element_type=\"section\" data-settings=\"{&quot;background_background&quot;:&quot;classic&quot;}\">\n\t\t\t\t\t\t\t<div class=\"elementor-background-overlay\"><\/div>\n\t\t\t\t\t\t\t<div class=\"elementor-container elementor-column-gap-default\">\n\t\t\t\t\t<div class=\"elementor-column elementor-col-50 elementor-top-column elementor-element elementor-element-sybclyl elementor-invisible\" data-id=\"sybclyl\" data-element_type=\"column\" data-settings=\"{&quot;background_background&quot;:&quot;classic&quot;,&quot;animation&quot;:&quot;fadeInLeft&quot;}\">\n\t\t\t<div class=\"elementor-widget-wrap elementor-element-populated\">\n\t\t\t\t\t\t<div class=\"elementor-element elementor-element-anvgfex elementor-widget elementor-widget-heading\" data-id=\"anvgfex\" data-element_type=\"widget\" data-settings=\"{&quot;_animation&quot;:&quot;none&quot;}\" data-widget_type=\"heading.default\">\n\t\t\t\t<div class=\"elementor-widget-container\">\n\t\t\t\t\t<h4 class=\"elementor-heading-title elementor-size-default\">EINES DER \u00c4RMSTEN L\u00c4NDER UNSERES PLANETEN<\/h4>\t\t\t\t<\/div>\n\t\t\t\t<\/div>\n\t\t\t\t<div class=\"elementor-element elementor-element-jhvrfuj elementor-widget-divider--view-line elementor-widget elementor-widget-divider\" data-id=\"jhvrfuj\" data-element_type=\"widget\" data-widget_type=\"divider.default\">\n\t\t\t\t<div class=\"elementor-widget-container\">\n\t\t\t\t\t\t\t<div class=\"elementor-divider\">\n\t\t\t<span class=\"elementor-divider-separator\">\n\t\t\t\t\t\t<\/span>\n\t\t<\/div>\n\t\t\t\t\t\t<\/div>\n\t\t\t\t<\/div>\n\t\t\t\t<div class=\"elementor-element elementor-element-seasuum elementor-widget elementor-widget-text-editor\" data-id=\"seasuum\" data-element_type=\"widget\" data-widget_type=\"text-editor.default\">\n\t\t\t\t<div class=\"elementor-widget-container\">\n\t\t\t\t\t\t\t\t\t<p>Seit \u00fcber 40 Jahren haben Kriege und Naturkatastrophen in Afghanistan gew\u00fctet und gro\u00dfe Teile des Landes zerst\u00f6rt. 1,5 Millionen Menschen verloren durch diese unheilvollen Ereignisse ihr Leben, 1,7 Millionen wurden grausam verst\u00fcmmelt, 6 Millionen mussten fl\u00fcchten. Rund 30 Millionen Landminen bedrohen eine Bev\u00f6lkerung von 38 Millionen Menschen. In den Fl\u00fcchtlingslagern in Pakistan und im Iran ist bereits die dritte Generation Afghanen zur Welt gekommen, die ihr Heimatland bisher nur aus den Erz\u00e4hlungen der \u201eAlten\u201c kennt.<\/p>\t\t\t\t\t\t\t\t<\/div>\n\t\t\t\t<\/div>\n\t\t\t\t\t<\/div>\n\t\t<\/div>\n\t\t\t\t<div class=\"elementor-column elementor-col-50 elementor-top-column elementor-element elementor-element-d0889fe\" data-id=\"d0889fe\" data-element_type=\"column\">\n\t\t\t<div class=\"elementor-widget-wrap\">\n\t\t\t\t\t\t\t<\/div>\n\t\t<\/div>\n\t\t\t\t\t<\/div>\n\t\t<\/section>\n\t\t\t\t<section class=\"elementor-section elementor-top-section elementor-element elementor-element-281e2cf elementor-section-boxed elementor-section-height-default elementor-section-height-default\" data-id=\"281e2cf\" data-element_type=\"section\">\n\t\t\t\t\t\t<div class=\"elementor-container elementor-column-gap-default\">\n\t\t\t\t\t<div class=\"elementor-column elementor-col-50 elementor-top-column elementor-element elementor-element-bce00c7\" data-id=\"bce00c7\" data-element_type=\"column\">\n\t\t\t<div class=\"elementor-widget-wrap elementor-element-populated\">\n\t\t\t\t\t\t<div class=\"elementor-element elementor-element-5dd33e2 elementor-widget elementor-widget-image\" data-id=\"5dd33e2\" data-element_type=\"widget\" data-widget_type=\"image.default\">\n\t\t\t\t<div class=\"elementor-widget-container\">\n\t\t\t\t\t\t\t\t\t\t\t\t\t\t\t<img decoding=\"async\" width=\"339\" height=\"500\" src=\"https:\/\/i0.wp.com\/vaf-bonn.de\/wp-content\/uploads\/2021\/12\/JungemitKindaufSchultern0001.jpg?fit=339%2C500&amp;ssl=1\" class=\"attachment-large size-large wp-image-3031\" alt=\"\" srcset=\"https:\/\/i0.wp.com\/vaf-bonn.de\/wp-content\/uploads\/2021\/12\/JungemitKindaufSchultern0001.jpg?w=339&amp;ssl=1 339w, https:\/\/i0.wp.com\/vaf-bonn.de\/wp-content\/uploads\/2021\/12\/JungemitKindaufSchultern0001.jpg?resize=203%2C300&amp;ssl=1 203w, https:\/\/i0.wp.com\/vaf-bonn.de\/wp-content\/uploads\/2021\/12\/JungemitKindaufSchultern0001.jpg?resize=8%2C12&amp;ssl=1 8w\" sizes=\"(max-width: 339px) 100vw, 339px\" \/>\t\t\t\t\t\t\t\t\t\t\t\t\t\t\t<\/div>\n\t\t\t\t<\/div>\n\t\t\t\t\t<\/div>\n\t\t<\/div>\n\t\t\t\t<div class=\"elementor-column elementor-col-50 elementor-top-column elementor-element elementor-element-f3c72ec\" data-id=\"f3c72ec\" data-element_type=\"column\">\n\t\t\t<div class=\"elementor-widget-wrap elementor-element-populated\">\n\t\t\t\t\t\t<div class=\"elementor-element elementor-element-fdf5e2a elementor-widget elementor-widget-text-editor\" data-id=\"fdf5e2a\" data-element_type=\"widget\" data-widget_type=\"text-editor.default\">\n\t\t\t\t<div class=\"elementor-widget-container\">\n\t\t\t\t\t\t\t\t\t<p>Die Infrastruktur des Landes ist fast vollst\u00e4ndig zerst\u00f6rt, die Bev\u00f6lkerung ist auf Nahrungsmittellieferungen humanit\u00e4rer Organisationen angewiesen. Das Land h\u00e4lt laut Statistiken der Weltgesundheitsorganisation WHO weiterhin die Negativrekorde in den &#8220;Rubriken&#8221; Kindersterblichkeit, Minenopfer oder Analphabetismus. Mit einer durchschnittlichen Lebenserwartung von nur 46 Jahren, sterben die Menschen in Afghanistan weltweit am j\u00fcngsten.<\/p><p>Angesichts dieser Fakten ist der Einsatz von Hilfsorganisationen wie dem VAF mehr denn je gefragt. Den vielen Bed\u00fcrftigen die H\u00e4nde zu reichen, sich einzumischen, wenn Menschen ums \u00dcberleben ringen, an der Basis Hilfe zu leisten &#8211; das sind seit 30 Jahren die Aufgaben unseres Vereins.<\/p>\t\t\t\t\t\t\t\t<\/div>\n\t\t\t\t<\/div>\n\t\t\t\t\t<\/div>\n\t\t<\/div>\n\t\t\t\t\t<\/div>\n\t\t<\/section>\n\t\t\t\t<section class=\"elementor-section elementor-top-section elementor-element elementor-element-d09abe1 elementor-section-boxed elementor-section-height-default elementor-section-height-default\" data-id=\"d09abe1\" data-element_type=\"section\" data-settings=\"{&quot;animation&quot;:&quot;none&quot;,&quot;background_background&quot;:&quot;classic&quot;}\">\n\t\t\t\t\t\t\t<div class=\"elementor-background-overlay\"><\/div>\n\t\t\t\t\t\t\t<div class=\"elementor-container elementor-column-gap-default\">\n\t\t\t\t\t<div class=\"elementor-column elementor-col-100 elementor-top-column elementor-element elementor-element-c8db714\" data-id=\"c8db714\" data-element_type=\"column\">\n\t\t\t<div class=\"elementor-widget-wrap elementor-element-populated\">\n\t\t\t\t\t\t<div class=\"elementor-element elementor-element-36f70f6 elementor-invisible elementor-widget elementor-widget-image\" data-id=\"36f70f6\" data-element_type=\"widget\" data-settings=\"{&quot;_animation&quot;:&quot;fadeIn&quot;}\" data-widget_type=\"image.default\">\n\t\t\t\t<div class=\"elementor-widget-container\">\n\t\t\t\t\t\t\t\t\t\t\t\t\t\t\t<img loading=\"lazy\" decoding=\"async\" width=\"826\" height=\"413\" src=\"https:\/\/i0.wp.com\/vaf-bonn.de\/wp-content\/uploads\/2021\/12\/Spendenaufruf_1.2.png?fit=826%2C413&amp;ssl=1\" class=\"attachment-large size-large wp-image-3001\" alt=\"\" srcset=\"https:\/\/i0.wp.com\/vaf-bonn.de\/wp-content\/uploads\/2021\/12\/Spendenaufruf_1.2.png?w=826&amp;ssl=1 826w, https:\/\/i0.wp.com\/vaf-bonn.de\/wp-content\/uploads\/2021\/12\/Spendenaufruf_1.2.png?resize=300%2C150&amp;ssl=1 300w, https:\/\/i0.wp.com\/vaf-bonn.de\/wp-content\/uploads\/2021\/12\/Spendenaufruf_1.2.png?resize=768%2C384&amp;ssl=1 768w, https:\/\/i0.wp.com\/vaf-bonn.de\/wp-content\/uploads\/2021\/12\/Spendenaufruf_1.2.png?resize=18%2C9&amp;ssl=1 18w\" sizes=\"(max-width: 826px) 100vw, 826px\" \/>\t\t\t\t\t\t\t\t\t\t\t\t\t\t\t<\/div>\n\t\t\t\t<\/div>\n\t\t\t\t<div class=\"elementor-element elementor-element-c31b94c elementor-align-center elementor-mobile-align-left elementor-widget elementor-widget-button\" data-id=\"c31b94c\" data-element_type=\"widget\" data-widget_type=\"button.default\">\n\t\t\t\t<div class=\"elementor-widget-container\">\n\t\t\t\t\t\t\t\t\t<div class=\"elementor-button-wrapper\">\n\t\t\t\t\t<a class=\"elementor-button elementor-button-link elementor-size-xs elementor-animation-shrink\" href=\"https:\/\/vaf-bonn.de\/de_de\/2909-2\/\">\n\t\t\t\t\t\t<span class=\"elementor-button-content-wrapper\">\n\t\t\t\t\t\t\t\t\t<span class=\"elementor-button-text\">Mehr erfahren<\/span>\n\t\t\t\t\t<\/span>\n\t\t\t\t\t<\/a>\n\t\t\t\t<\/div>\n\t\t\t\t\t\t\t\t<\/div>\n\t\t\t\t<\/div>\n\t\t\t\t\t<\/div>\n\t\t<\/div>\n\t\t\t\t\t<\/div>\n\t\t<\/section>\n\t\t\t\t<\/div>\n\t\t","protected":false},"excerpt":{"rendered":"<p>Afghanistan Aufgrund der aktuellen katastrophalen Lage in Afghanistan bitten wir Sie dringend um Spenden. Jetzt Spenden MENSCHEN IN AFGHANISTAN SIND IN NOT Wie Sie tagt\u00e4glich den Medien entnehmen k\u00f6nnen, herrscht in Afghanistan derzeit der Ausnahmezustand. Die Taliban haben verschiedene St\u00e4dte und nun auch Kabul eingenommen. Scharenweise sind die Menschen aus anderen Provinzen vor den Taliban [&hellip;]<\/p>\n","protected":false},"author":1,"featured_media":0,"parent":0,"menu_order":0,"comment_status":"closed","ping_status":"closed","template":"","meta":{"_editorskit_title_hidden":false,"_editorskit_reading_time":0,"_editorskit_is_block_options_detached":false,"_editorskit_block_options_position":"{}","_uag_custom_page_level_css":"","_monsterinsights_skip_tracking":false,"_monsterinsights_sitenote_active":false,"_monsterinsights_sitenote_note":"","_monsterinsights_sitenote_category":0,"ocean_post_layout":"full-screen","ocean_both_sidebars_style":"","ocean_both_sidebars_content_width":0,"ocean_both_sidebars_sidebars_width":0,"ocean_sidebar":"0","ocean_second_sidebar":"0","ocean_disable_margins":"on","ocean_add_body_class":"","ocean_shortcode_before_top_bar":"","ocean_shortcode_after_top_bar":"","ocean_shortcode_before_header":"","ocean_shortcode_after_header":"","ocean_has_shortcode":"","ocean_shortcode_after_title":"[Floating-Button id=\"1\"]","ocean_shortcode_before_footer_widgets":"","ocean_shortcode_after_footer_widgets":"","ocean_shortcode_before_footer_bottom":"","ocean_shortcode_after_footer_bottom":"","ocean_display_top_bar":"default","ocean_display_header":"default","ocean_header_style":"","ocean_center_header_left_menu":"0","ocean_custom_header_template":"0","ocean_custom_logo":0,"ocean_custom_retina_logo":0,"ocean_custom_logo_max_width":0,"ocean_custom_logo_tablet_max_width":0,"ocean_custom_logo_mobile_max_width":0,"ocean_custom_logo_max_height":0,"ocean_custom_logo_tablet_max_height":0,"ocean_custom_logo_mobile_max_height":0,"ocean_header_custom_menu":"0","ocean_menu_typo_font_family":"0","ocean_menu_typo_font_subset":"","ocean_menu_typo_font_size":0,"ocean_menu_typo_font_size_tablet":0,"ocean_menu_typo_font_size_mobile":0,"ocean_menu_typo_font_size_unit":"px","ocean_menu_typo_font_weight":"","ocean_menu_typo_font_weight_tablet":"","ocean_menu_typo_font_weight_mobile":"","ocean_menu_typo_transform":"","ocean_menu_typo_transform_tablet":"","ocean_menu_typo_transform_mobile":"","ocean_menu_typo_line_height":0,"ocean_menu_typo_line_height_tablet":0,"ocean_menu_typo_line_height_mobile":0,"ocean_menu_typo_line_height_unit":"","ocean_menu_typo_spacing":0,"ocean_menu_typo_spacing_tablet":0,"ocean_menu_typo_spacing_mobile":0,"ocean_menu_typo_spacing_unit":"","ocean_menu_link_color":"","ocean_menu_link_color_hover":"","ocean_menu_link_color_active":"","ocean_menu_link_background":"","ocean_menu_link_hover_background":"","ocean_menu_link_active_background":"","ocean_menu_social_links_bg":"","ocean_menu_social_hover_links_bg":"","ocean_menu_social_links_color":"","ocean_menu_social_hover_links_color":"","ocean_disable_title":"on","ocean_disable_heading":"default","ocean_post_title":"","ocean_post_subheading":"","ocean_post_title_style":"","ocean_post_title_background_color":"","ocean_post_title_background":0,"ocean_post_title_bg_image_position":"","ocean_post_title_bg_image_attachment":"","ocean_post_title_bg_image_repeat":"","ocean_post_title_bg_image_size":"","ocean_post_title_height":0,"ocean_post_title_bg_overlay":0.5,"ocean_post_title_bg_overlay_color":"","ocean_disable_breadcrumbs":"default","ocean_breadcrumbs_color":"","ocean_breadcrumbs_separator_color":"","ocean_breadcrumbs_links_color":"","ocean_breadcrumbs_links_hover_color":"","ocean_display_footer_widgets":"default","ocean_display_footer_bottom":"default","ocean_custom_footer_template":"0","footnotes":""},"class_list":["post-355","page","type-page","status-publish","hentry","entry"],"aioseo_notices":[],"uagb_featured_image_src":{"full":false,"thumbnail":false,"medium":false,"medium_large":false,"large":false,"1536x1536":false,"2048x2048":false,"trp-custom-language-flag":false,"ocean-thumb-m":false,"ocean-thumb-ml":false,"ocean-thumb-l":false},"uagb_author_info":{"display_name":"Abdul Jalil Hekmat","author_link":"https:\/\/vaf-bonn.de\/de_de\/author\/vafbonn_3yc84bd3\/"},"uagb_comment_info":0,"uagb_excerpt":"Afghanistan Aufgrund der aktuellen katastrophalen Lage in Afghanistan bitten wir Sie dringend um Spenden. Jetzt Spenden MENSCHEN IN AFGHANISTAN SIND IN NOT Wie Sie tagt\u00e4glich den Medien entnehmen k\u00f6nnen, herrscht in Afghanistan derzeit der Ausnahmezustand. Die Taliban haben verschiedene St\u00e4dte und nun auch Kabul eingenommen. Scharenweise sind die Menschen aus anderen Provinzen vor den Taliban&hellip;","jetpack_sharing_enabled":true,"_links":{"self":[{"href":"https:\/\/vaf-bonn.de\/de_de\/wp-json\/wp\/v2\/pages\/355","targetHints":{"allow":["GET"]}}],"collection":[{"href":"https:\/\/vaf-bonn.de\/de_de\/wp-json\/wp\/v2\/pages"}],"about":[{"href":"https:\/\/vaf-bonn.de\/de_de\/wp-json\/wp\/v2\/types\/page"}],"author":[{"embeddable":true,"href":"https:\/\/vaf-bonn.de\/de_de\/wp-json\/wp\/v2\/users\/1"}],"replies":[{"embeddable":true,"href":"https:\/\/vaf-bonn.de\/de_de\/wp-json\/wp\/v2\/comments?post=355"}],"version-history":[{"count":227,"href":"https:\/\/vaf-bonn.de\/de_de\/wp-json\/wp\/v2\/pages\/355\/revisions"}],"predecessor-version":[{"id":3049,"href":"https:\/\/vaf-bonn.de\/de_de\/wp-json\/wp\/v2\/pages\/355\/revisions\/3049"}],"wp:attachment":[{"href":"https:\/\/vaf-bonn.de\/de_de\/wp-json\/wp\/v2\/media?parent=355"}],"curies":[{"name":"wp","href":"https:\/\/api.w.org\/{rel}","templated":true}]}}