{"id":827,"date":"2021-11-05T09:18:14","date_gmt":"2021-11-05T09:18:14","guid":{"rendered":"https:\/\/vaf-bonn.de\/?page_id=827"},"modified":"2021-12-02T10:42:55","modified_gmt":"2021-12-02T10:42:55","slug":"spenden","status":"publish","type":"page","link":"https:\/\/vaf-bonn.de\/de_de\/spenden\/","title":{"rendered":"Spenden"},"content":{"rendered":"\t\t<div data-elementor-type=\"wp-page\" data-elementor-id=\"827\" class=\"elementor elementor-827\">\n\t\t\t\t\t\t<section class=\"elementor-section elementor-top-section elementor-element elementor-element-d1fea89 elementor-section-boxed elementor-section-height-default elementor-section-height-default\" data-id=\"d1fea89\" data-element_type=\"section\">\n\t\t\t\t\t\t<div class=\"elementor-container elementor-column-gap-default\">\n\t\t\t\t\t<div class=\"elementor-column elementor-col-100 elementor-top-column elementor-element elementor-element-e9a583c\" data-id=\"e9a583c\" data-element_type=\"column\">\n\t\t\t<div class=\"elementor-widget-wrap elementor-element-populated\">\n\t\t\t\t\t\t<div class=\"elementor-element elementor-element-5bd37eb elementor-widget elementor-widget-text-editor\" data-id=\"5bd37eb\" data-element_type=\"widget\" data-widget_type=\"text-editor.default\">\n\t\t\t\t<div class=\"elementor-widget-container\">\n\t\t\t\t\t\t\t\t\t<div class=\"kvgmc6g5 cxmmr5t8 oygrvhab hcukyx3x c1et5uql ii04i59q\"><div dir=\"auto\">Hilfe f\u00fcr Afghanistan!<\/div><\/div>\t\t\t\t\t\t\t\t<\/div>\n\t\t\t\t<\/div>\n\t\t\t\t<div class=\"elementor-element elementor-element-d9e633f elementor-widget elementor-widget-text-editor\" data-id=\"d9e633f\" data-element_type=\"widget\" data-widget_type=\"text-editor.default\">\n\t\t\t\t<div class=\"elementor-widget-container\">\n\t\t\t\t\t\t\t\t\t<p>Wir sind der Verein f\u00fcr Afghanistan F\u00f6rderung e.V. Und wollen den Menschen in Afghanistan, die in Not sind, helfen. Wir freuen uns auf jede auch noch so kleine Unterst\u00fctzung!<\/p>\t\t\t\t\t\t\t\t<\/div>\n\t\t\t\t<\/div>\n\t\t\t\t<div class=\"elementor-element elementor-element-51b2be3 elementor-widget elementor-widget-heading\" data-id=\"51b2be3\" data-element_type=\"widget\" data-widget_type=\"heading.default\">\n\t\t\t\t<div class=\"elementor-widget-container\">\n\t\t\t\t\t<h2 class=\"elementor-heading-title elementor-size-default\">Jetzt Spenden &amp; Leben retten<\/h2>\t\t\t\t<\/div>\n\t\t\t\t<\/div>\n\t\t\t\t\t<\/div>\n\t\t<\/div>\n\t\t\t\t\t<\/div>\n\t\t<\/section>\n\t\t\t\t<section class=\"elementor-section elementor-top-section elementor-element elementor-element-4214340b elementor-section-content-middle elementor-section-boxed elementor-section-height-default elementor-section-height-default\" data-id=\"4214340b\" data-element_type=\"section\">\n\t\t\t\t\t\t<div class=\"elementor-container elementor-column-gap-no\">\n\t\t\t\t\t<div class=\"elementor-column elementor-col-100 elementor-top-column elementor-element elementor-element-4099de72\" data-id=\"4099de72\" data-element_type=\"column\" data-settings=\"{&quot;background_background&quot;:&quot;slideshow&quot;,&quot;background_slideshow_gallery&quot;:[],&quot;background_slideshow_loop&quot;:&quot;yes&quot;,&quot;background_slideshow_slide_duration&quot;:5000,&quot;background_slideshow_slide_transition&quot;:&quot;fade&quot;,&quot;background_slideshow_transition_duration&quot;:500}\">\n\t\t\t<div class=\"elementor-widget-wrap elementor-element-populated\">\n\t\t\t\t\t\t<div class=\"elementor-element elementor-element-f6b248e elementor-widget elementor-widget-heading\" data-id=\"f6b248e\" data-element_type=\"widget\" data-widget_type=\"heading.default\">\n\t\t\t\t<div class=\"elementor-widget-container\">\n\t\t\t\t\t<h2 class=\"elementor-heading-title elementor-size-default\">Spenden via Bank\u00fcberweisung in Deutschland<\/h2>\t\t\t\t<\/div>\n\t\t\t\t<\/div>\n\t\t\t\t<div class=\"elementor-element elementor-element-a12b7ef elementor-widget elementor-widget-spacer\" data-id=\"a12b7ef\" data-element_type=\"widget\" data-widget_type=\"spacer.default\">\n\t\t\t\t<div class=\"elementor-widget-container\">\n\t\t\t\t\t\t\t<div class=\"elementor-spacer\">\n\t\t\t<div class=\"elementor-spacer-inner\"><\/div>\n\t\t<\/div>\n\t\t\t\t\t\t<\/div>\n\t\t\t\t<\/div>\n\t\t\t\t<div class=\"elementor-element elementor-element-33936b4 elementor-widget elementor-widget-text-editor\" data-id=\"33936b4\" data-element_type=\"widget\" data-widget_type=\"text-editor.default\">\n\t\t\t\t<div class=\"elementor-widget-container\">\n\t\t\t\t\t\t\t\t\tBFS Bank f\u00fcr Sozialwirtschaft <br>\nIBAN: DE46 3702 0500 0008 2800 00\t\t\t\t\t\t\t\t<\/div>\n\t\t\t\t<\/div>\n\t\t\t\t<div class=\"elementor-element elementor-element-7cde678 elementor-widget elementor-widget-spacer\" data-id=\"7cde678\" data-element_type=\"widget\" data-widget_type=\"spacer.default\">\n\t\t\t\t<div class=\"elementor-widget-container\">\n\t\t\t\t\t\t\t<div class=\"elementor-spacer\">\n\t\t\t<div class=\"elementor-spacer-inner\"><\/div>\n\t\t<\/div>\n\t\t\t\t\t\t<\/div>\n\t\t\t\t<\/div>\n\t\t\t\t<section class=\"elementor-section elementor-inner-section elementor-element elementor-element-e0d4eb6 elementor-section-boxed elementor-section-height-default elementor-section-height-default elementor-invisible\" data-id=\"e0d4eb6\" data-element_type=\"section\" data-settings=\"{&quot;animation&quot;:&quot;fadeIn&quot;}\">\n\t\t\t\t\t\t<div class=\"elementor-container elementor-column-gap-default\">\n\t\t\t\t\t<div class=\"elementor-column elementor-col-100 elementor-inner-column elementor-element elementor-element-01952aa\" data-id=\"01952aa\" data-element_type=\"column\" data-settings=\"{&quot;background_background&quot;:&quot;classic&quot;}\">\n\t\t\t<div class=\"elementor-widget-wrap elementor-element-populated\">\n\t\t\t\t\t\t<div class=\"elementor-element elementor-element-1ad8973 elementor-widget elementor-widget-image\" data-id=\"1ad8973\" data-element_type=\"widget\" data-widget_type=\"image.default\">\n\t\t\t\t<div class=\"elementor-widget-container\">\n\t\t\t\t\t\t\t\t\t\t\t\t\t\t\t<img decoding=\"async\" width=\"353\" height=\"110\" src=\"https:\/\/i0.wp.com\/vaf-bonn.de\/wp-content\/uploads\/2021\/12\/yellow-paypal-button-1.webp?fit=353%2C110&amp;ssl=1\" class=\"attachment-large size-large wp-image-2978\" alt=\"\" srcset=\"https:\/\/i0.wp.com\/vaf-bonn.de\/wp-content\/uploads\/2021\/12\/yellow-paypal-button-1.webp?w=353&amp;ssl=1 353w, https:\/\/i0.wp.com\/vaf-bonn.de\/wp-content\/uploads\/2021\/12\/yellow-paypal-button-1.webp?resize=300%2C93&amp;ssl=1 300w, https:\/\/i0.wp.com\/vaf-bonn.de\/wp-content\/uploads\/2021\/12\/yellow-paypal-button-1.webp?resize=18%2C6&amp;ssl=1 18w\" sizes=\"(max-width: 353px) 100vw, 353px\" \/>\t\t\t\t\t\t\t\t\t\t\t\t\t\t\t<\/div>\n\t\t\t\t<\/div>\n\t\t\t\t<div class=\"elementor-element elementor-element-28c37d4 elementor-invisible elementor-widget elementor-widget-shortcode\" data-id=\"28c37d4\" data-element_type=\"widget\" data-settings=\"{&quot;_animation&quot;:&quot;fadeIn&quot;}\" data-widget_type=\"shortcode.default\">\n\t\t\t\t<div class=\"elementor-widget-container\">\n\t\t\t\t\t\t\t<div class=\"elementor-shortcode\"><style>\r\n        .wpedon-container .wpedon-select,\r\n        .wpedon-container .wpedon-input {\r\n            width: 170px;\r\n            min-width: 170px;\r\n            max-width: 170px;\r\n        }\r\n    <\/style><div class='wpedon-container wpedon-align-left'><form target='_blank' action='https:\/\/www.paypal.com\/cgi-bin\/webscr' method='post' class='wpedon-form'><input type='hidden' name='cmd' value='_donations' \/><input type='hidden' name='business' value='vafbonn@t-online.de' \/><input type='hidden' name='currency_code' value='EUR' \/><input type='hidden' name='notify_url' value='https:\/\/vaf-bonn.de\/wp-admin\/admin-post.php?action=add_wpedon_button_ipn'><input type='hidden' name='lc' value='de_DE'><input type='hidden' name='bn' value='WPPlugin_SP'><input type='hidden' name='return' value='' \/><input type='hidden' name='cancel_return' value='' \/><input class='wpedon_paypalbuttonimage' type='image' src='https:\/\/www.paypalobjects.com\/webstatic\/en_US\/btn\/btn_donate_pp_142x27.png' border='0' name='submit' alt='Make your payments with PayPal. It is free, secure, effective.' style='border: none;'><img data-recalc-dims=\"1\" alt='' border='0' style='border:none;display:none;' src=\"https:\/\/i0.wp.com\/www.paypal.com\/de_DE\/i\/scr\/pixel.gif?resize=1%2C1&#038;ssl=1\" width=\"1\" height=\"1\"><input type='hidden' name='amount' id='amount_5b85cb3dde69386b6d422c64abdacc8b' value='' \/><input type='hidden' name='price' id='price_5b85cb3dde69386b6d422c64abdacc8b' value='' \/><input type='hidden' name='item_number' value='' \/><input type='hidden' name='item_name' value='' \/><input type='hidden' name='name' value='' \/><input type='hidden' name='custom' value='2951'><input type='hidden' name='no_shipping' value='1'><input type='hidden' name='no_note' value='1'><input type='hidden' name='currency_code' value='EUR'><\/form><\/div><\/div>\n\t\t\t\t\t\t<\/div>\n\t\t\t\t<\/div>\n\t\t\t\t\t<\/div>\n\t\t<\/div>\n\t\t\t\t\t<\/div>\n\t\t<\/section>\n\t\t\t\t<div class=\"elementor-element elementor-element-d0da791 elementor-widget elementor-widget-spacer\" data-id=\"d0da791\" data-element_type=\"widget\" data-widget_type=\"spacer.default\">\n\t\t\t\t<div class=\"elementor-widget-container\">\n\t\t\t\t\t\t\t<div class=\"elementor-spacer\">\n\t\t\t<div class=\"elementor-spacer-inner\"><\/div>\n\t\t<\/div>\n\t\t\t\t\t\t<\/div>\n\t\t\t\t<\/div>\n\t\t\t\t<div class=\"elementor-element elementor-element-64eb09f elementor-widget elementor-widget-heading\" data-id=\"64eb09f\" data-element_type=\"widget\" data-widget_type=\"heading.default\">\n\t\t\t\t<div class=\"elementor-widget-container\">\n\t\t\t\t\t<h2 class=\"elementor-heading-title elementor-size-default\">Sie k\u00f6nnen auch \u00fcber betterplace.org spenden.<\/h2>\t\t\t\t<\/div>\n\t\t\t\t<\/div>\n\t\t\t\t<div class=\"elementor-element elementor-element-298c5212 elementor-view-default elementor-position-top elementor-mobile-position-top elementor-invisible elementor-widget elementor-widget-icon-box\" data-id=\"298c5212\" data-element_type=\"widget\" data-settings=\"{&quot;_animation&quot;:&quot;fadeIn&quot;}\" data-widget_type=\"icon-box.default\">\n\t\t\t\t<div class=\"elementor-widget-container\">\n\t\t\t\t\t\t\t<div class=\"elementor-icon-box-wrapper\">\n\n\t\t\t\t\t\t<div class=\"elementor-icon-box-icon\">\n\t\t\t\t<a href=\"https:\/\/www.betterplace.org\/de\/organisations\/16452-verein-fuer-afghanistan-foerderung-e-v-vaf\" class=\"elementor-icon elementor-animation-shrink\" tabindex=\"-1\">\n\t\t\t\t<svg xmlns=\"http:\/\/www.w3.org\/2000\/svg\" viewBox=\"0 0 2406.6 358.8\"><path d=\"m213.9 290.7c9.7-10.4 20.7-22.3 35.5-38.4 50.5-54.6 59.8-111.8 43.1-159-15.8-44.5-75.1-93.3-141.7-93.3-68.4.5-128.2 46.6-143.4 93.4-10.2 31.5-20 89.9 45.4 159.9l97.8 105.5 21-22.6s-68.8-74.5-93.8-101.5c-20.2-24.9-55.2-69.3-40.7-127.7 5.5-22.3 45.3-76.4 113.8-76.2 68.4.2 105.7 56.7 111.9 73.4 14.3 38.7 6.3 82.1-38.6 130.2-16 17.1-7.6 8.3-23.9 25.7 0 0-66.2-71.8-83.2-90.4-12.6-13.8-14.6-36-.8-49.6 13.6-13.3 34.6-17.3 51.5-1.1l19.9 21.7c10.3 10.7 14.6 10.6 24.1.8 7.4-7.6 24.5-26.5 28.9-31.4-7.6-7.4-13.7-13.4-21.9-21.6-4.9 5.2-16 17.3-18.7 20.1-10.7-11.5-24.2-30.5-56.5-30.8-19.6 0-37 8.3-49 20.2-16.4 18-19.3 33.3-19.6 41.7-.6 17.4 1.3 31.7 22.9 55.3 35.3 38.2 78.5 84.7 89 95.9 10.4 11 16.8 10.8 27-.2z\" fill=\"#9ecb09\"><\/path><g fill=\"#fff\"><path d=\"m2084.9 273.4c0 10.7-8.6 19.6-19.6 19.6-10.7 0-19.3-8.9-19.3-19.6 0-10.5 8.6-19.3 19.3-19.3 11 0 19.6 8.9 19.6 19.3z\"><\/path><path d=\"m2214.9 235c0 34.5-19.5 57.7-52.2 57.7-32.5 0-52.2-21.6-52.2-57.7 0-34.7 19.5-57.7 52.4-57.7 32.4 0 52 21.5 52 57.7zm-74 0c0 25.1 7.4 36 21.8 36s21.8-11.1 21.8-36c0-25.1-7.4-36-21.6-36-14.6 0-22 11.1-22 36z\"><\/path><path d=\"m2297.6 179-4.9 28.2c-3.3-.8-6-1.4-9.7-1.4-13.4 0-19.5 9.9-23.4 27.3v59.5h-29.2v-112.1h25.3l2.7 21.2c5.1-15.2 15.6-24.3 28.4-24.3 3.8 0 7.1.6 10.8 1.6z\"><\/path><path d=\"m2406.6 186.5c-8 3.1-18.3 4.1-31.4 4.1 13.4 6 20.1 14.2 20.1 28 0 21.2-17.1 36.6-44.8 36.6-4.7 0-8.8-.4-12.7-1.4-2.5 1.6-4.1 4.3-4.1 7.2 0 3.7 1.8 7.2 12.5 7.2h16.6c24.7 0 40.5 13.2 40.5 31.2 0 22-19.1 35.4-55.5 35.4-39.9 0-50.8-13-50.8-34.7h26.1c0 10.3 4.5 14.8 25.3 14.8 20.1 0 25.5-5.5 25.5-13.4 0-7.4-5.6-11.9-17.1-11.9h-16c-22.8 0-32.3-9.9-32.3-21.4 0-7.8 4.9-15.4 12.7-20.3-13.6-7.4-19.3-17.1-19.3-31 0-24 19.1-39.5 46.4-39.5 25.1.6 37.8-5.8 51-13.2zm-75.4 29.8c0 12.5 7 19.9 18.1 19.9 11.7 0 17.9-7 17.9-20.3 0-13-6-19.1-18.1-19.1-11.1 0-17.9 7.6-17.9 19.5z\"><\/path><path d=\"m1498.3 30.6-50.1 16.1v131.1h-14.4c-4.7-45.1-27.6-81.7-79.7-81.7-29.5 0-48.5 13.1-59.7 31.7h-.7v-27.2h-75.4c-29.9 0-37.7 25.8-40 43.7h-.7v-43.7h-44.4v128.6c-29.9 18.9-58.9 32.3-87.7 32.4-31 .1-52.6-21.3-54.9-52.2h120.9c0-67.2-23-112.2-79.4-112.4-59.7-.2-89.2 45.9-89.2 101.5 0 19.6 3.6 36.6 10.4 50.8-8.9 4.9-19.4 9.2-29.8 9.2-19-.1-23.5-15.3-23.5-31.7v-89.6h31.9l22-36.6h-53.8v-69l-50 16.1v52.9h-52.8v-69l-50 16.1-.1 53.3h-19.8v35.9h19.9v89.2c-31.1 20.2-61.4 34.6-91.3 34.7-31 .1-52.6-20.4-54.9-51.4h120.3c0-67.2-22.4-113-78.9-113.2-52.5-.2-81.6 35.4-87.9 81.7h-12.7c-4.7-45.1-27.6-81.7-79.7-81.7-26.1 0-43.7 10.8-57.5 29.1h-.7v-94.5l-50 15.7v246.4h48.5v-23.5h.7c14.6 20.5 37.7 28 59 28 51.9 0 74.8-42.8 79.6-87.7h12.4c6.3 52.4 42 87.7 99.4 87.7 25.4 0 55.6-9.4 99.4-32.1 8.9 20.1 27.6 32 55 32 14.8 0 23.5-2.7 33.3-7.3l-13.1-34.7c-2.6 1.7-5.6 2.9-9.5 3.1-19 .9-21.5-15.2-21.5-31.6v-89.6h52.8v97.8c0 38.1 21.6 62.3 60.8 62.3 29.3 0 39.5-7.1 63.8-20.6 16.9 13.9 40.1 21.4 68.7 21.4 23.6 0 51.2-8 90-27.3v22h50v-70.5c0-27.6 0-78.4 40.7-78.4 8.7 0 17.4 1.4 22 3.9v210.8h50v-87.9h.7c17.5 21.3 35.1 26.5 56.4 26.5 55 0 77.7-40.7 81.2-87.9h14v24.7c0 38.1 21.6 62.3 60.8 62.3 23.9 0 33.5-4.7 41.4-8.3 11.1 6 24.3 9.2 37.6 9.2 22.8 0 47.8-11.9 59.3-33.2h.7c.4 6 .4 18.7 2.2 28.7h44c-1.1-14.9-1.9-28.4-2.2-42.9-.3-10.8-.6-27.6-.7-40.8h12c6.3 48.5 37.6 88.1 93.6 88.2 20.7 0 50.1-9.7 74.1-27.2 17.2 18.2 42.9 28 75.7 28 26.9 0 51.1-9.7 68-21.5v-40.5c-22.6 19.1-39.1 25.4-65.7 25.4-31 0-52.6-21.3-54.9-52.2h120.9c0-67.2-23-112.2-79.4-112.4-59.7-.2-89.2 45.9-89.2 101.5 0 15.4 2.2 29.3 6.5 41.4-12.2 9.7-25.2 17.7-46.7 18.6-35.1 1.5-51.9-27.2-51.9-62.7 0-36.2 19.8-60.7 50.8-60.8 13.9 0 17.6 1.9 27.6 7.5l15.1-31.2c-19.3-9.6-32.7-15.1-52.9-15.1-52.1 0-83.8 37-91.3 82.1h-12.6c-.8-54.7-25.1-82.1-82.7-82.1-21.3 0-47.4 5.6-66.8 14.6l1.5 42.9c16.8-12.7 38.1-20.9 59.3-20.9 29.5 0 43.2 14.4 43.2 45.4h-27.6c-20.9 0-45.4-2.1-64.4 7.2s-32.8 26.1-32.8 54.9c0 8.6 1.8 16.3 5.1 23-1.4.4-2.8.6-4.2.6-19 0-23.5-21.6-23.5-38zm-855.6 102c26.3 0 36.9 20.9 38.3 45.2h-80.1c2.1-25.8 15.4-45.2 41.8-45.2zm-194.5 125.8c-33.2 0-44-35.1-44-62.3 0-26.9 12.7-61.2 44.8-61.2 32.5 0 41.4 35.5 41.4 61.2 0 26.5-9.4 62.3-42.2 62.3zm584.2-124.9c26.3 0 36.9 20.1 38.3 44.3h-80.1c2.1-25.8 15.4-44.3 41.8-44.3zm307.9 124.9c-33.2 0-44-35.1-44-62.3 0-26.9 12.7-61.2 44.8-61.2 32.5 0 41.4 35.5 41.4 61.2 0 26.5-9.3 62.3-42.2 62.3zm295.2-14.9c-7.8 10.5-19.8 17.2-35.1 17.2-17.9 0-31.7-7.1-31.7-23.5 0-28.1 32.6-28 55-28h21.6c-.7 15.7-3.9 26.3-9.8 34.3zm300.6-110c26.3 0 36.8 20.1 38.2 44.3h-80.1c2.2-25.8 15.6-44.3 41.9-44.3z\"><\/path><\/g><\/svg>\t\t\t\t<\/a>\n\t\t\t<\/div>\n\t\t\t\n\t\t\t\n\t\t<\/div>\n\t\t\t\t\t\t<\/div>\n\t\t\t\t<\/div>\n\t\t\t\t\t<\/div>\n\t\t<\/div>\n\t\t\t\t\t<\/div>\n\t\t<\/section>\n\t\t\t\t<section class=\"elementor-section elementor-top-section elementor-element elementor-element-71c599a2 elementor-section-full_width elementor-section-stretched elementor-section-height-default elementor-section-height-default\" data-id=\"71c599a2\" data-element_type=\"section\" data-settings=\"{&quot;background_background&quot;:&quot;classic&quot;,&quot;stretch_section&quot;:&quot;section-stretched&quot;}\">\n\t\t\t\t\t\t\t<div class=\"elementor-background-overlay\"><\/div>\n\t\t\t\t\t\t\t<div class=\"elementor-container elementor-column-gap-default\">\n\t\t\t\t\t<div class=\"elementor-column elementor-col-100 elementor-top-column elementor-element elementor-element-41c4ffb8\" data-id=\"41c4ffb8\" data-element_type=\"column\" data-settings=\"{&quot;background_background&quot;:&quot;classic&quot;}\">\n\t\t\t<div class=\"elementor-widget-wrap\">\n\t\t\t\t\t\t\t<\/div>\n\t\t<\/div>\n\t\t\t\t\t<\/div>\n\t\t<\/section>\n\t\t\t\t<\/div>\n\t\t","protected":false},"excerpt":{"rendered":"<p>Hilfe f\u00fcr Afghanistan! Wir sind der Verein f\u00fcr Afghanistan F\u00f6rderung e.V. Und wollen den Menschen in Afghanistan, die in Not sind, helfen. Wir freuen uns auf jede auch noch so kleine Unterst\u00fctzung! Jetzt Spenden &#038; Leben retten Spenden via Bank\u00fcberweisung in Deutschland BFS Bank f\u00fcr Sozialwirtschaft IBAN: DE46 3702 0500 0008 2800 00 Sie k\u00f6nnen [&hellip;]<\/p>\n","protected":false},"author":1,"featured_media":0,"parent":0,"menu_order":0,"comment_status":"closed","ping_status":"closed","template":"","meta":{"_editorskit_title_hidden":false,"_editorskit_reading_time":0,"_editorskit_is_block_options_detached":false,"_editorskit_block_options_position":"{}","_uag_custom_page_level_css":"","_monsterinsights_skip_tracking":false,"_monsterinsights_sitenote_active":false,"_monsterinsights_sitenote_note":"","_monsterinsights_sitenote_category":0,"ocean_post_layout":"full-width","ocean_both_sidebars_style":"","ocean_both_sidebars_content_width":0,"ocean_both_sidebars_sidebars_width":0,"ocean_sidebar":"0","ocean_second_sidebar":"0","ocean_disable_margins":"enable","ocean_add_body_class":"","ocean_shortcode_before_top_bar":"","ocean_shortcode_after_top_bar":"","ocean_shortcode_before_header":"","ocean_shortcode_after_header":"","ocean_has_shortcode":"","ocean_shortcode_after_title":"","ocean_shortcode_before_footer_widgets":"","ocean_shortcode_after_footer_widgets":"","ocean_shortcode_before_footer_bottom":"","ocean_shortcode_after_footer_bottom":"","ocean_display_top_bar":"default","ocean_display_header":"default","ocean_header_style":"","ocean_center_header_left_menu":"0","ocean_custom_header_template":"0","ocean_custom_logo":0,"ocean_custom_retina_logo":0,"ocean_custom_logo_max_width":0,"ocean_custom_logo_tablet_max_width":0,"ocean_custom_logo_mobile_max_width":0,"ocean_custom_logo_max_height":0,"ocean_custom_logo_tablet_max_height":0,"ocean_custom_logo_mobile_max_height":0,"ocean_header_custom_menu":"0","ocean_menu_typo_font_family":"0","ocean_menu_typo_font_subset":"","ocean_menu_typo_font_size":0,"ocean_menu_typo_font_size_tablet":0,"ocean_menu_typo_font_size_mobile":0,"ocean_menu_typo_font_size_unit":"px","ocean_menu_typo_font_weight":"","ocean_menu_typo_font_weight_tablet":"","ocean_menu_typo_font_weight_mobile":"","ocean_menu_typo_transform":"","ocean_menu_typo_transform_tablet":"","ocean_menu_typo_transform_mobile":"","ocean_menu_typo_line_height":0,"ocean_menu_typo_line_height_tablet":0,"ocean_menu_typo_line_height_mobile":0,"ocean_menu_typo_line_height_unit":"","ocean_menu_typo_spacing":0,"ocean_menu_typo_spacing_tablet":0,"ocean_menu_typo_spacing_mobile":0,"ocean_menu_typo_spacing_unit":"","ocean_menu_link_color":"","ocean_menu_link_color_hover":"","ocean_menu_link_color_active":"","ocean_menu_link_background":"","ocean_menu_link_hover_background":"","ocean_menu_link_active_background":"","ocean_menu_social_links_bg":"","ocean_menu_social_hover_links_bg":"","ocean_menu_social_links_color":"","ocean_menu_social_hover_links_color":"","ocean_disable_title":"default","ocean_disable_heading":"default","ocean_post_title":"","ocean_post_subheading":"","ocean_post_title_style":"background-image","ocean_post_title_background_color":"","ocean_post_title_background":2563,"ocean_post_title_bg_image_position":"","ocean_post_title_bg_image_attachment":"fixed","ocean_post_title_bg_image_repeat":"","ocean_post_title_bg_image_size":"","ocean_post_title_height":0,"ocean_post_title_bg_overlay":0.5,"ocean_post_title_bg_overlay_color":"#8bc34a","ocean_disable_breadcrumbs":"default","ocean_breadcrumbs_color":"","ocean_breadcrumbs_separator_color":"","ocean_breadcrumbs_links_color":"","ocean_breadcrumbs_links_hover_color":"","ocean_display_footer_widgets":"default","ocean_display_footer_bottom":"default","ocean_custom_footer_template":"0","footnotes":""},"class_list":["post-827","page","type-page","status-publish","hentry","entry"],"aioseo_notices":[],"uagb_featured_image_src":{"full":false,"thumbnail":false,"medium":false,"medium_large":false,"large":false,"1536x1536":false,"2048x2048":false,"trp-custom-language-flag":false,"ocean-thumb-m":false,"ocean-thumb-ml":false,"ocean-thumb-l":false},"uagb_author_info":{"display_name":"Abdul Jalil Hekmat","author_link":"https:\/\/vaf-bonn.de\/de_de\/author\/vafbonn_3yc84bd3\/"},"uagb_comment_info":0,"uagb_excerpt":"Hilfe f\u00fcr Afghanistan! Wir sind der Verein f\u00fcr Afghanistan F\u00f6rderung e.V. Und wollen den Menschen in Afghanistan, die in Not sind, helfen. Wir freuen uns auf jede auch noch so kleine Unterst\u00fctzung! Jetzt Spenden &#038; Leben retten Spenden via Bank\u00fcberweisung in Deutschland BFS Bank f\u00fcr Sozialwirtschaft IBAN: DE46 3702 0500 0008 2800 00 Sie k\u00f6nnen&hellip;","jetpack_sharing_enabled":true,"_links":{"self":[{"href":"https:\/\/vaf-bonn.de\/de_de\/wp-json\/wp\/v2\/pages\/827","targetHints":{"allow":["GET"]}}],"collection":[{"href":"https:\/\/vaf-bonn.de\/de_de\/wp-json\/wp\/v2\/pages"}],"about":[{"href":"https:\/\/vaf-bonn.de\/de_de\/wp-json\/wp\/v2\/types\/page"}],"author":[{"embeddable":true,"href":"https:\/\/vaf-bonn.de\/de_de\/wp-json\/wp\/v2\/users\/1"}],"replies":[{"embeddable":true,"href":"https:\/\/vaf-bonn.de\/de_de\/wp-json\/wp\/v2\/comments?post=827"}],"version-history":[{"count":176,"href":"https:\/\/vaf-bonn.de\/de_de\/wp-json\/wp\/v2\/pages\/827\/revisions"}],"predecessor-version":[{"id":2999,"href":"https:\/\/vaf-bonn.de\/de_de\/wp-json\/wp\/v2\/pages\/827\/revisions\/2999"}],"wp:attachment":[{"href":"https:\/\/vaf-bonn.de\/de_de\/wp-json\/wp\/v2\/media?parent=827"}],"curies":[{"name":"wp","href":"https:\/\/api.w.org\/{rel}","templated":true}]}}