{"id":406,"date":"2016-09-27T09:51:22","date_gmt":"2016-09-27T09:51:22","guid":{"rendered":"http:\/\/fitness2.mythemecloud.io\/?page_id=406"},"modified":"2021-11-25T12:48:00","modified_gmt":"2021-11-25T12:48:00","slug":"about","status":"publish","type":"page","link":"https:\/\/vaf-bonn.de\/en\/about\/","title":{"rendered":"About the Association"},"content":{"rendered":"<div data-elementor-type=\"wp-page\" data-elementor-id=\"406\" class=\"elementor elementor-406\">\n\t\t\t\t\t\t<section class=\"elementor-section elementor-top-section elementor-element elementor-element-5c32aa4b elementor-section-content-middle elementor-reverse-mobile elementor-section-boxed elementor-section-height-default elementor-section-height-default\" data-id=\"5c32aa4b\" data-element_type=\"section\" data-settings=\"{&quot;background_background&quot;:&quot;classic&quot;}\">\n\t\t\t\t\t\t<div class=\"elementor-container elementor-column-gap-default\">\n\t\t\t\t\t<div class=\"elementor-column elementor-col-50 elementor-top-column elementor-element elementor-element-48029cde\" data-id=\"48029cde\" data-element_type=\"column\">\n\t\t\t<div class=\"elementor-widget-wrap elementor-element-populated\">\n\t\t\t\t\t\t<div class=\"elementor-element elementor-element-4d5d3bb5 elementor-view-stacked elementor-position-left elementor-shape-circle elementor-mobile-position-top elementor-widget elementor-widget-icon-box\" data-id=\"4d5d3bb5\" data-element_type=\"widget\" data-widget_type=\"icon-box.default\">\n\t\t\t\t<div class=\"elementor-widget-container\">\n\t\t\t\t\t\t\t<div class=\"elementor-icon-box-wrapper\">\n\n\t\t\t\t\t\t<div class=\"elementor-icon-box-icon\">\n\t\t\t\t<span  class=\"elementor-icon\">\n\t\t\t\t<i aria-hidden=\"true\" class=\"fab fa-connectdevelop\"><\/i>\t\t\t\t<\/span>\n\t\t\t<\/div>\n\t\t\t\n\t\t\t\t\t\t<div class=\"elementor-icon-box-content\">\n\n\t\t\t\t\t\t\t\t\t<h3 class=\"elementor-icon-box-title\">\n\t\t\t\t\t\t<span  >\n\t\t\t\t\t\t\tWho we are\t\t\t\t\t\t<\/span>\n\t\t\t\t\t<\/h3>\n\t\t\t\t\n\t\t\t\t\t\t\t\t\t<p class=\"elementor-icon-box-description\">\n\t\t\t\t\t\tThe \"Verein f\u00fcr Afghanistan F\u00f6rderung e.V.\" (short: VAF) was founded in 1979 by exiled Afghans in Bonn. Purpose of the association is to provide assistance for the victims of the civil war in Afghanistan and afghan refugees in Europe, Pakistan and Iran. The sphere of operation is emergency relief, medical assistance and assistance in education for people in need as well as the reconstruction of Afghanistan.\t\t\t\t\t<\/p>\n\t\t\t\t\n\t\t\t<\/div>\n\t\t\t\n\t\t<\/div>\n\t\t\t\t\t\t<\/div>\n\t\t\t\t<\/div>\n\t\t\t\t\t<\/div>\n\t\t<\/div>\n\t\t\t\t<div class=\"elementor-column elementor-col-50 elementor-top-column elementor-element elementor-element-2f259e2e\" data-id=\"2f259e2e\" data-element_type=\"column\">\n\t\t\t<div class=\"elementor-widget-wrap elementor-element-populated\">\n\t\t\t\t\t\t<div class=\"elementor-element elementor-element-79a3e7f elementor-widget elementor-widget-image\" data-id=\"79a3e7f\" data-element_type=\"widget\" data-widget_type=\"image.default\">\n\t\t\t\t<div class=\"elementor-widget-container\">\n\t\t\t\t\t\t\t\t\t\t\t\t\t\t\t<img fetchpriority=\"high\" decoding=\"async\" width=\"1024\" height=\"768\" src=\"https:\/\/i0.wp.com\/vaf-bonn.de\/wp-content\/uploads\/2021\/11\/about_1_vaf.jpg?fit=1024%2C768&amp;ssl=1\" class=\"attachment-large size-large wp-image-966\" alt=\"\" srcset=\"https:\/\/i0.wp.com\/vaf-bonn.de\/wp-content\/uploads\/2021\/11\/about_1_vaf.jpg?w=2040&amp;ssl=1 2040w, https:\/\/i0.wp.com\/vaf-bonn.de\/wp-content\/uploads\/2021\/11\/about_1_vaf.jpg?resize=300%2C225&amp;ssl=1 300w, https:\/\/i0.wp.com\/vaf-bonn.de\/wp-content\/uploads\/2021\/11\/about_1_vaf.jpg?resize=1024%2C768&amp;ssl=1 1024w, https:\/\/i0.wp.com\/vaf-bonn.de\/wp-content\/uploads\/2021\/11\/about_1_vaf.jpg?resize=768%2C576&amp;ssl=1 768w, https:\/\/i0.wp.com\/vaf-bonn.de\/wp-content\/uploads\/2021\/11\/about_1_vaf.jpg?resize=1536%2C1152&amp;ssl=1 1536w\" sizes=\"(max-width: 1024px) 100vw, 1024px\" \/>\t\t\t\t\t\t\t\t\t\t\t\t\t\t\t<\/div>\n\t\t\t\t<\/div>\n\t\t\t\t\t<\/div>\n\t\t<\/div>\n\t\t\t\t\t<\/div>\n\t\t<\/section>\n\t\t\t\t<section class=\"elementor-section elementor-top-section elementor-element elementor-element-55b948b9 elementor-section-boxed elementor-section-height-default elementor-section-height-default\" data-id=\"55b948b9\" data-element_type=\"section\" data-settings=\"{&quot;background_background&quot;:&quot;classic&quot;}\">\n\t\t\t\t\t\t<div class=\"elementor-container elementor-column-gap-default\">\n\t\t\t\t\t<div class=\"elementor-column elementor-col-100 elementor-top-column elementor-element elementor-element-783295ac\" data-id=\"783295ac\" data-element_type=\"column\">\n\t\t\t<div class=\"elementor-widget-wrap elementor-element-populated\">\n\t\t\t\t\t\t<div class=\"elementor-element elementor-element-8869ff7 elementor-widget elementor-widget-text-editor\" data-id=\"8869ff7\" data-element_type=\"widget\" data-widget_type=\"text-editor.default\">\n\t\t\t\t<div class=\"elementor-widget-container\">\n\t\t\t\t\t\t\t\t\t<p>The VAF maintained medical base stations in refugee camps in Iran and Pakistan and carried out literacy and training projects there. The VAF has been working in Afghanistan again since 1992. For example, the \u201cPaiwand-e-Noor\u201d peace house for girls and boys with disabilities is run in Kabul, schools and craft projects are supported for the qualified training of young people, and medical treatment is promoted in Kabul. As long as the medical possibilities in the country are not sufficient in special cases, the VAF helps injured and seriously ill children by bringing them to Germany for treatment. In caring for the Afghan population, especially children and young people in schools, training and homes, special emphasis is placed on promoting self-confidence and personal development and on strengthening respect for human rights and fundamental freedoms. The primary goal of the VAF is to help the Afghan people to help themselves and to help ensure that the future of the country can be shaped by building in peace.<\/p>\t\t\t\t\t\t\t\t<\/div>\n\t\t\t\t<\/div>\n\t\t\t\t<div class=\"elementor-element elementor-element-6b05847 elementor-widget elementor-widget-text-editor\" data-id=\"6b05847\" data-element_type=\"widget\" data-widget_type=\"text-editor.default\">\n\t\t\t\t<div class=\"elementor-widget-container\">\n\t\t\t\t\t\t\t\t\t<p><span style=\"font-size: 16px;\">The VAF worked with the Foreign Office on several projects in the medical field.<\/span><span style=\"font-size: 16px;\">Among other things, basic health units (BHUs) and milk distribution were carried out in the Pakistani refugee camps. With great financial support from the BMZ, food was distributed among the population throughout Afghanistan in 1989 and a handicraft project was run in the Katscha Gari refugee camp in Peshawar \/ Pakistan. Misereor Germany supported the construction of 100 adobe houses in Shewaki, which provided Afghan returnees from the refugee camps in Pakistan and Iran with a livelihood. The peace house for girls in Kabul was reopened with the help of GTZ. The GTZ also provided financial aid for our relief supplies from Germany to Afghanistan. The container shipments consisted mainly of medical equipment, hospital beds and medicines. With the help of the Otto Benecke Foundation, Afghan students received a scholarship for their studies in Pakistan. The Else Kr\u00f6ner Fresenius Foundation has been supporting our Peace House Paiwand-e-Noor since the beginning of 2011. Another container with primarily medical relief supplies was successfully brought to Kabul and Herat in October 2011 with the support of GIZ (formerly GTZ).<\/span><\/p><p><strong>The person responsible for the project in Germany is the managing director of the VAF, Mr. Abdul Jalil Hekmat. The VAF is recognized as a non-profit, non-governmental organization in Germany as well as in Afghanistan and Pakistan.<\/strong><\/p>\t\t\t\t\t\t\t\t<\/div>\n\t\t\t\t<\/div>\n\t\t\t\t\t<\/div>\n\t\t<\/div>\n\t\t\t\t\t<\/div>\n\t\t<\/section>\n\t\t\t\t<section class=\"elementor-section elementor-top-section elementor-element elementor-element-2531d752 elementor-section-content-middle elementor-section-boxed elementor-section-height-default elementor-section-height-default\" data-id=\"2531d752\" data-element_type=\"section\" data-settings=\"{&quot;background_background&quot;:&quot;classic&quot;}\">\n\t\t\t\t\t\t<div class=\"elementor-container elementor-column-gap-no\">\n\t\t\t\t\t<div class=\"elementor-column elementor-col-50 elementor-top-column elementor-element elementor-element-64362980\" data-id=\"64362980\" data-element_type=\"column\">\n\t\t\t<div class=\"elementor-widget-wrap elementor-element-populated\">\n\t\t\t\t\t\t<div class=\"elementor-element elementor-element-345fa14f elementor-widget elementor-widget-image\" data-id=\"345fa14f\" data-element_type=\"widget\" data-widget_type=\"image.default\">\n\t\t\t\t<div class=\"elementor-widget-container\">\n\t\t\t\t\t\t\t\t\t\t\t\t\t\t\t<img decoding=\"async\" width=\"1920\" height=\"1080\" src=\"https:\/\/i0.wp.com\/vaf-bonn.de\/wp-content\/uploads\/2021\/11\/about_2_vaf.jpg?fit=1920%2C1080&amp;ssl=1\" class=\"attachment-full size-full wp-image-967\" alt=\"\" srcset=\"https:\/\/i0.wp.com\/vaf-bonn.de\/wp-content\/uploads\/2021\/11\/about_2_vaf.jpg?w=1920&amp;ssl=1 1920w, https:\/\/i0.wp.com\/vaf-bonn.de\/wp-content\/uploads\/2021\/11\/about_2_vaf.jpg?resize=300%2C169&amp;ssl=1 300w, https:\/\/i0.wp.com\/vaf-bonn.de\/wp-content\/uploads\/2021\/11\/about_2_vaf.jpg?resize=1024%2C576&amp;ssl=1 1024w, https:\/\/i0.wp.com\/vaf-bonn.de\/wp-content\/uploads\/2021\/11\/about_2_vaf.jpg?resize=768%2C432&amp;ssl=1 768w, https:\/\/i0.wp.com\/vaf-bonn.de\/wp-content\/uploads\/2021\/11\/about_2_vaf.jpg?resize=1536%2C864&amp;ssl=1 1536w\" sizes=\"(max-width: 1200px) 100vw, 1200px\" \/>\t\t\t\t\t\t\t\t\t\t\t\t\t\t\t<\/div>\n\t\t\t\t<\/div>\n\t\t\t\t\t<\/div>\n\t\t<\/div>\n\t\t\t\t<div class=\"elementor-column elementor-col-50 elementor-top-column elementor-element elementor-element-609f584c\" data-id=\"609f584c\" data-element_type=\"column\" data-settings=\"{&quot;background_background&quot;:&quot;classic&quot;}\">\n\t\t\t<div class=\"elementor-widget-wrap elementor-element-populated\">\n\t\t\t\t\t\t<div class=\"elementor-element elementor-element-4b97df83 elementor-view-default elementor-widget elementor-widget-icon\" data-id=\"4b97df83\" data-element_type=\"widget\" data-widget_type=\"icon.default\">\n\t\t\t\t<div class=\"elementor-widget-container\">\n\t\t\t\t\t\t\t<div class=\"elementor-icon-wrapper\">\n\t\t\t<div class=\"elementor-icon\">\n\t\t\t<i aria-hidden=\"true\" class=\"fas fa-praying-hands\"><\/i>\t\t\t<\/div>\n\t\t<\/div>\n\t\t\t\t\t\t<\/div>\n\t\t\t\t<\/div>\n\t\t\t\t<div class=\"elementor-element elementor-element-128007d0 elementor-widget elementor-widget-heading\" data-id=\"128007d0\" data-element_type=\"widget\" data-widget_type=\"heading.default\">\n\t\t\t\t<div class=\"elementor-widget-container\">\n\t\t\t\t\t<h3 class=\"elementor-heading-title elementor-size-large\">Help us out<\/h3>\t\t\t\t<\/div>\n\t\t\t\t<\/div>\n\t\t\t\t<div class=\"elementor-element elementor-element-59220db5 elementor-widget elementor-widget-text-editor\" data-id=\"59220db5\" data-element_type=\"widget\" data-widget_type=\"text-editor.default\">\n\t\t\t\t<div class=\"elementor-widget-container\">\n\t\t\t\t\t\t\t\t\tThe VAF has 25 members in Germany and many long-term supporters, mainly in Germany, but also in neighboring European countries.\t\t\t\t\t\t\t\t<\/div>\n\t\t\t\t<\/div>\n\t\t\t\t\t<\/div>\n\t\t<\/div>\n\t\t\t\t\t<\/div>\n\t\t<\/section>\n\t\t\t\t<section class=\"elementor-section elementor-top-section elementor-element elementor-element-300dd195 elementor-section-content-middle elementor-reverse-mobile elementor-section-boxed elementor-section-height-default elementor-section-height-default\" data-id=\"300dd195\" data-element_type=\"section\" data-settings=\"{&quot;background_background&quot;:&quot;classic&quot;}\">\n\t\t\t\t\t\t<div class=\"elementor-container elementor-column-gap-no\">\n\t\t\t\t\t<div class=\"elementor-column elementor-col-50 elementor-top-column elementor-element elementor-element-316d982d\" data-id=\"316d982d\" data-element_type=\"column\" data-settings=\"{&quot;background_background&quot;:&quot;classic&quot;}\">\n\t\t\t<div class=\"elementor-widget-wrap elementor-element-populated\">\n\t\t\t\t\t\t<div class=\"elementor-element elementor-element-53732af2 elementor-view-default elementor-widget elementor-widget-icon\" data-id=\"53732af2\" data-element_type=\"widget\" data-widget_type=\"icon.default\">\n\t\t\t\t<div class=\"elementor-widget-container\">\n\t\t\t\t\t\t\t<div class=\"elementor-icon-wrapper\">\n\t\t\t<div class=\"elementor-icon\">\n\t\t\t<i aria-hidden=\"true\" class=\"fas fa-hand-holding-heart\"><\/i>\t\t\t<\/div>\n\t\t<\/div>\n\t\t\t\t\t\t<\/div>\n\t\t\t\t<\/div>\n\t\t\t\t<div class=\"elementor-element elementor-element-2b844358 elementor-widget elementor-widget-heading\" data-id=\"2b844358\" data-element_type=\"widget\" data-widget_type=\"heading.default\">\n\t\t\t\t<div class=\"elementor-widget-container\">\n\t\t\t\t\t<h3 class=\"elementor-heading-title elementor-size-large\"><a href=\"https:\/\/vaf-bonn.de\/en\/category\/current-projects\/\">Our Projects<\/a><\/h3>\t\t\t\t<\/div>\n\t\t\t\t<\/div>\n\t\t\t\t<div class=\"elementor-element elementor-element-62c60d18 elementor-widget elementor-widget-text-editor\" data-id=\"62c60d18\" data-element_type=\"widget\" data-widget_type=\"text-editor.default\">\n\t\t\t\t<div class=\"elementor-widget-container\">\n\t\t\t\t\t\t\t\t\tIn the past few years, a wide variety of projects have been implemented with the help of well-known organizations.\t\t\t\t\t\t\t\t<\/div>\n\t\t\t\t<\/div>\n\t\t\t\t<div class=\"elementor-element elementor-element-2dca922 elementor-align-center elementor-widget elementor-widget-button\" data-id=\"2dca922\" data-element_type=\"widget\" data-widget_type=\"button.default\">\n\t\t\t\t<div class=\"elementor-widget-container\">\n\t\t\t\t\t\t\t\t\t<div class=\"elementor-button-wrapper\">\n\t\t\t\t\t<a class=\"elementor-button elementor-button-link elementor-size-sm\" href=\"https:\/\/vaf-bonn.de\/en\/category\/current-projects\/\">\n\t\t\t\t\t\t<span class=\"elementor-button-content-wrapper\">\n\t\t\t\t\t\t\t\t\t<span class=\"elementor-button-text\">MEHR ERFAHREN<\/span>\n\t\t\t\t\t<\/span>\n\t\t\t\t\t<\/a>\n\t\t\t\t<\/div>\n\t\t\t\t\t\t\t\t<\/div>\n\t\t\t\t<\/div>\n\t\t\t\t\t<\/div>\n\t\t<\/div>\n\t\t\t\t<div class=\"elementor-column elementor-col-50 elementor-top-column elementor-element elementor-element-78087b85\" data-id=\"78087b85\" data-element_type=\"column\">\n\t\t\t<div class=\"elementor-widget-wrap elementor-element-populated\">\n\t\t\t\t\t\t<div class=\"elementor-element elementor-element-467a49d7 elementor-widget elementor-widget-image\" data-id=\"467a49d7\" data-element_type=\"widget\" data-widget_type=\"image.default\">\n\t\t\t\t<div class=\"elementor-widget-container\">\n\t\t\t\t\t\t\t\t\t\t\t\t\t\t\t<img fetchpriority=\"high\" decoding=\"async\" width=\"1024\" height=\"768\" src=\"https:\/\/i0.wp.com\/vaf-bonn.de\/wp-content\/uploads\/2021\/11\/about_1_vaf.jpg?fit=1024%2C768&amp;ssl=1\" class=\"attachment-large size-large wp-image-966\" alt=\"\" srcset=\"https:\/\/i0.wp.com\/vaf-bonn.de\/wp-content\/uploads\/2021\/11\/about_1_vaf.jpg?w=2040&amp;ssl=1 2040w, https:\/\/i0.wp.com\/vaf-bonn.de\/wp-content\/uploads\/2021\/11\/about_1_vaf.jpg?resize=300%2C225&amp;ssl=1 300w, https:\/\/i0.wp.com\/vaf-bonn.de\/wp-content\/uploads\/2021\/11\/about_1_vaf.jpg?resize=1024%2C768&amp;ssl=1 1024w, https:\/\/i0.wp.com\/vaf-bonn.de\/wp-content\/uploads\/2021\/11\/about_1_vaf.jpg?resize=768%2C576&amp;ssl=1 768w, https:\/\/i0.wp.com\/vaf-bonn.de\/wp-content\/uploads\/2021\/11\/about_1_vaf.jpg?resize=1536%2C1152&amp;ssl=1 1536w\" sizes=\"(max-width: 1024px) 100vw, 1024px\" \/>\t\t\t\t\t\t\t\t\t\t\t\t\t\t\t<\/div>\n\t\t\t\t<\/div>\n\t\t\t\t\t<\/div>\n\t\t<\/div>\n\t\t\t\t\t<\/div>\n\t\t<\/section>\n\t\t\t\t<section class=\"elementor-section elementor-top-section elementor-element elementor-element-1e78bf2 elementor-section-boxed elementor-section-height-default elementor-section-height-default\" data-id=\"1e78bf2\" data-element_type=\"section\" data-settings=\"{&quot;background_background&quot;:&quot;classic&quot;}\">\n\t\t\t\t\t\t<div class=\"elementor-container elementor-column-gap-default\">\n\t\t\t\t\t<div class=\"elementor-column elementor-col-100 elementor-top-column elementor-element elementor-element-7a29796\" data-id=\"7a29796\" data-element_type=\"column\">\n\t\t\t<div class=\"elementor-widget-wrap\">\n\t\t\t\t\t\t\t<\/div>\n\t\t<\/div>\n\t\t\t\t\t<\/div>\n\t\t<\/section>\n\t\t\t\t<\/div>","protected":false},"excerpt":{"rendered":"<p>Wer wir sind Der Verein f\u00fcr Afghanistan-F\u00f6rderung e.V. (kurz: VAF) wurde 1979 von Exilafghanen in Bonn gegr\u00fcndet. Vereinszweck sind Hilfeleistungen f\u00fcr die Opfer des B\u00fcrgerkrieges in Afghanistan und die afghanischen Fl\u00fcchtlinge in Europa, Pakistan und Iran. Der T\u00e4tigkeitsbereich des VAF erstreckt sich auf Nothilfe, die Unterst\u00fctzung der Bed\u00fcrftigen im medizinischen, schulischen und handwerklichen Bereich sowie [&hellip;]<\/p>","protected":false},"author":1,"featured_media":0,"parent":0,"menu_order":0,"comment_status":"closed","ping_status":"closed","template":"redux-templates_contained","meta":{"_editorskit_title_hidden":false,"_editorskit_reading_time":0,"_editorskit_is_block_options_detached":false,"_editorskit_block_options_position":"{}","_uag_custom_page_level_css":"","_monsterinsights_skip_tracking":false,"_monsterinsights_sitenote_active":false,"_monsterinsights_sitenote_note":"","_monsterinsights_sitenote_category":0,"ocean_post_layout":"full-width","ocean_both_sidebars_style":"","ocean_both_sidebars_content_width":0,"ocean_both_sidebars_sidebars_width":0,"ocean_sidebar":"0","ocean_second_sidebar":"0","ocean_disable_margins":"enable","ocean_add_body_class":"","ocean_shortcode_before_top_bar":"","ocean_shortcode_after_top_bar":"","ocean_shortcode_before_header":"","ocean_shortcode_after_header":"","ocean_has_shortcode":"","ocean_shortcode_after_title":"","ocean_shortcode_before_footer_widgets":"","ocean_shortcode_after_footer_widgets":"","ocean_shortcode_before_footer_bottom":"","ocean_shortcode_after_footer_bottom":"","ocean_display_top_bar":"default","ocean_display_header":"default","ocean_header_style":"","ocean_center_header_left_menu":"0","ocean_custom_header_template":"0","ocean_custom_logo":0,"ocean_custom_retina_logo":0,"ocean_custom_logo_max_width":0,"ocean_custom_logo_tablet_max_width":0,"ocean_custom_logo_mobile_max_width":0,"ocean_custom_logo_max_height":0,"ocean_custom_logo_tablet_max_height":0,"ocean_custom_logo_mobile_max_height":0,"ocean_header_custom_menu":"0","ocean_menu_typo_font_family":"0","ocean_menu_typo_font_subset":"","ocean_menu_typo_font_size":0,"ocean_menu_typo_font_size_tablet":0,"ocean_menu_typo_font_size_mobile":0,"ocean_menu_typo_font_size_unit":"px","ocean_menu_typo_font_weight":"","ocean_menu_typo_font_weight_tablet":"","ocean_menu_typo_font_weight_mobile":"","ocean_menu_typo_transform":"","ocean_menu_typo_transform_tablet":"","ocean_menu_typo_transform_mobile":"","ocean_menu_typo_line_height":0,"ocean_menu_typo_line_height_tablet":0,"ocean_menu_typo_line_height_mobile":0,"ocean_menu_typo_line_height_unit":"","ocean_menu_typo_spacing":0,"ocean_menu_typo_spacing_tablet":0,"ocean_menu_typo_spacing_mobile":0,"ocean_menu_typo_spacing_unit":"","ocean_menu_link_color":"","ocean_menu_link_color_hover":"","ocean_menu_link_color_active":"","ocean_menu_link_background":"","ocean_menu_link_hover_background":"","ocean_menu_link_active_background":"","ocean_menu_social_links_bg":"","ocean_menu_social_hover_links_bg":"","ocean_menu_social_links_color":"","ocean_menu_social_hover_links_color":"","ocean_disable_title":"default","ocean_disable_heading":"default","ocean_post_title":"","ocean_post_subheading":"","ocean_post_title_style":"background-image","ocean_post_title_background_color":"","ocean_post_title_background":2563,"ocean_post_title_bg_image_position":"","ocean_post_title_bg_image_attachment":"fixed","ocean_post_title_bg_image_repeat":"","ocean_post_title_bg_image_size":"","ocean_post_title_height":0,"ocean_post_title_bg_overlay":0.5,"ocean_post_title_bg_overlay_color":"","ocean_disable_breadcrumbs":"default","ocean_breadcrumbs_color":"","ocean_breadcrumbs_separator_color":"","ocean_breadcrumbs_links_color":"","ocean_breadcrumbs_links_hover_color":"","ocean_display_footer_widgets":"default","ocean_display_footer_bottom":"default","ocean_custom_footer_template":"0","footnotes":""},"class_list":["post-406","page","type-page","status-publish","hentry","entry"],"aioseo_notices":[],"uagb_featured_image_src":{"full":false,"thumbnail":false,"medium":false,"medium_large":false,"large":false,"1536x1536":false,"2048x2048":false,"trp-custom-language-flag":false,"ocean-thumb-m":false,"ocean-thumb-ml":false,"ocean-thumb-l":false},"uagb_author_info":{"display_name":"Abdul Jalil Hekmat","author_link":"https:\/\/vaf-bonn.de\/en\/author\/vafbonn_3yc84bd3\/"},"uagb_comment_info":0,"uagb_excerpt":"Wer wir sind Der Verein f\u00fcr Afghanistan-F\u00f6rderung e.V. (kurz: VAF) wurde 1979 von Exilafghanen in Bonn gegr\u00fcndet. Vereinszweck sind Hilfeleistungen f\u00fcr die Opfer des B\u00fcrgerkrieges in Afghanistan und die afghanischen Fl\u00fcchtlinge in Europa, Pakistan und Iran. Der T\u00e4tigkeitsbereich des VAF erstreckt sich auf Nothilfe, die Unterst\u00fctzung der Bed\u00fcrftigen im medizinischen, schulischen und handwerklichen Bereich sowie&hellip;","jetpack_sharing_enabled":true,"_links":{"self":[{"href":"https:\/\/vaf-bonn.de\/en\/wp-json\/wp\/v2\/pages\/406","targetHints":{"allow":["GET"]}}],"collection":[{"href":"https:\/\/vaf-bonn.de\/en\/wp-json\/wp\/v2\/pages"}],"about":[{"href":"https:\/\/vaf-bonn.de\/en\/wp-json\/wp\/v2\/types\/page"}],"author":[{"embeddable":true,"href":"https:\/\/vaf-bonn.de\/en\/wp-json\/wp\/v2\/users\/1"}],"replies":[{"embeddable":true,"href":"https:\/\/vaf-bonn.de\/en\/wp-json\/wp\/v2\/comments?post=406"}],"version-history":[{"count":200,"href":"https:\/\/vaf-bonn.de\/en\/wp-json\/wp\/v2\/pages\/406\/revisions"}],"predecessor-version":[{"id":2887,"href":"https:\/\/vaf-bonn.de\/en\/wp-json\/wp\/v2\/pages\/406\/revisions\/2887"}],"wp:attachment":[{"href":"https:\/\/vaf-bonn.de\/en\/wp-json\/wp\/v2\/media?parent=406"}],"curies":[{"name":"wp","href":"https:\/\/api.w.org\/{rel}","templated":true}]}}